{"id":175,"date":"2023-05-13T19:29:09","date_gmt":"2023-05-13T23:29:09","guid":{"rendered":"https:\/\/revue.dscarfone.com\/?page_id=175"},"modified":"2023-05-14T07:56:25","modified_gmt":"2023-05-14T11:56:25","slug":"9-lartefact","status":"publish","type":"page","link":"https:\/\/revue.dscarfone.com\/index.php\/9-lartefact\/","title":{"rendered":"9- L&rsquo;art\u00e9fact"},"content":{"rendered":"\n<p><em><a href=\"http:\/\/revue.dscarfone.com\/wp-content\/uploads\/2023\/05\/9-Argument.pdf\" target=\"_blank\" rel=\"noreferrer noopener\">ARGUMENT<\/a><\/em><\/p>\n\n\n\n<p><em><a href=\"http:\/\/revue.dscarfone.com\/wp-content\/uploads\/2023\/05\/9-Chouvier.pdf\" target=\"_blank\" rel=\"noreferrer noopener\">CHOUVIER, La nouvelle chasse \u00e0 la licorne ;<\/a><\/em><\/p>\n\n\n\n<p><em><a href=\"http:\/\/revue.dscarfone.com\/wp-content\/uploads\/2023\/05\/9-Ferenczi.pdf\" target=\"_blank\" rel=\"noreferrer noopener\">FERENCZI, Br\u00e8ve note in\u00e9dite ;<\/a><\/em><\/p>\n\n\n\n<p><em><a href=\"http:\/\/revue.dscarfone.com\/wp-content\/uploads\/2023\/05\/9-Scarfone.pdf\" target=\"_blank\" rel=\"noreferrer noopener\">SCARFONE, Machines \u00e0 \u00e9crire v\u00e9rit\u00e9s et mensonges ;<\/a><\/em><\/p>\n\n\n\n<p><em><a href=\"http:\/\/revue.dscarfone.com\/wp-content\/uploads\/2023\/05\/9-Rosenbloom.pdf\" target=\"_blank\" rel=\"noreferrer noopener\">ROSENBLOOM, Le travail avec le contre-transfert : complexit\u00e9s et impasses ;<\/a><\/em><\/p>\n\n\n\n<p><em><a href=\"http:\/\/revue.dscarfone.com\/wp-content\/uploads\/2023\/05\/9-Abensour.pdf\" target=\"_blank\" rel=\"noreferrer noopener\">ABENSOUR, \u00c9critures du moi ;<\/a><\/em><\/p>\n\n\n\n<p><em><a href=\"http:\/\/revue.dscarfone.com\/wp-content\/uploads\/2023\/05\/9-Levesque.pdf\" target=\"_blank\" rel=\"noreferrer noopener\">L\u00c9VESQUE, Nom propre et identit\u00e9 sexuelle dans les \u00e9crits de Georges Bataille ;<\/a><\/em><\/p>\n\n\n\n<p><em><a href=\"http:\/\/revue.dscarfone.com\/wp-content\/uploads\/2023\/05\/9-Robin.pdf\" target=\"_blank\" rel=\"noreferrer noopener\">ROBIN, Garder la ma\u00eetrise du roman de soi: la construction autobiographique<\/a><\/em><\/p>\n\n\n\n<p><em><a href=\"http:\/\/revue.dscarfone.com\/wp-content\/uploads\/2023\/05\/9-Lefebvre.pdf\" target=\"_blank\" rel=\"noreferrer noopener\">LEFEBVRE, Th\u00e9\u00e2tre, artefact : 12 asp\u00e9rit\u00e9s ;<\/a><\/em><\/p>\n\n\n\n<p><em><a href=\"http:\/\/revue.dscarfone.com\/wp-content\/uploads\/2023\/05\/9-Biche.pdf\" target=\"_blank\" rel=\"noreferrer noopener\">BICHE, Du chaos, de la temporalit\u00e9 et de la m\u00e9tapsychologie, entre autres ;<\/a><\/em><\/p>\n\n\n\n<p><em><a href=\"http:\/\/revue.dscarfone.com\/wp-content\/uploads\/2023\/05\/9-Cady.pdf\" target=\"_blank\" rel=\"noreferrer noopener\">CADY, L\u2019analyse, \u00e7a ne tient pas debout ;<\/a><\/em><\/p>\n\n\n\n<hr class=\"wp-block-separator has-alpha-channel-opacity\"\/>\n\n\n\n<p><strong><em>Libre \u00e0 soi<\/em><\/strong><\/p>\n\n\n\n<p><em><a href=\"http:\/\/revue.dscarfone.com\/wp-content\/uploads\/2023\/05\/9-Grenier.pdf\" target=\"_blank\" rel=\"noreferrer noopener\">GRENIER, \u00c0 qui la faute ? ;<\/a><\/em><\/p>\n\n\n\n<p><em><a href=\"http:\/\/revue.dscarfone.com\/wp-content\/uploads\/2023\/05\/9-Sirois.pdf\" target=\"_blank\" rel=\"noreferrer noopener\">SIROIS, L\u2019ombre de la s\u00e9duction.<\/a><\/em><\/p>\n","protected":false},"excerpt":{"rendered":"<p>ARGUMENT CHOUVIER, La nouvelle chasse \u00e0 la licorne ; FERENCZI, Br\u00e8ve note in\u00e9dite ; SCARFONE, Machines \u00e0 \u00e9crire v\u00e9rit\u00e9s et mensonges ; ROSENBLOOM, Le travail avec le contre-transfert : complexit\u00e9s et impasses ; ABENSOUR, \u00c9critures du moi ; L\u00c9VESQUE, Nom propre et identit\u00e9 sexuelle dans les \u00e9crits de Georges Bataille ; ROBIN, Garder la ma\u00eetrise &hellip; <\/p>\n<p class=\"link-more\"><a href=\"https:\/\/revue.dscarfone.com\/index.php\/9-lartefact\/\" class=\"more-link\">Continuer la lecture<span class=\"screen-reader-text\"> de &laquo; 9- L&rsquo;art\u00e9fact &raquo;<\/span><\/a><\/p>\n","protected":false},"author":1,"featured_media":0,"parent":0,"menu_order":0,"comment_status":"closed","ping_status":"closed","template":"","meta":{"footnotes":""},"class_list":["post-175","page","type-page","status-publish","hentry"],"_links":{"self":[{"href":"https:\/\/revue.dscarfone.com\/index.php\/wp-json\/wp\/v2\/pages\/175","targetHints":{"allow":["GET"]}}],"collection":[{"href":"https:\/\/revue.dscarfone.com\/index.php\/wp-json\/wp\/v2\/pages"}],"about":[{"href":"https:\/\/revue.dscarfone.com\/index.php\/wp-json\/wp\/v2\/types\/page"}],"author":[{"embeddable":true,"href":"https:\/\/revue.dscarfone.com\/index.php\/wp-json\/wp\/v2\/users\/1"}],"replies":[{"embeddable":true,"href":"https:\/\/revue.dscarfone.com\/index.php\/wp-json\/wp\/v2\/comments?post=175"}],"version-history":[{"count":4,"href":"https:\/\/revue.dscarfone.com\/index.php\/wp-json\/wp\/v2\/pages\/175\/revisions"}],"predecessor-version":[{"id":226,"href":"https:\/\/revue.dscarfone.com\/index.php\/wp-json\/wp\/v2\/pages\/175\/revisions\/226"}],"wp:attachment":[{"href":"https:\/\/revue.dscarfone.com\/index.php\/wp-json\/wp\/v2\/media?parent=175"}],"curies":[{"name":"wp","href":"https:\/\/api.w.org\/{rel}","templated":true}]}}