{"id":173,"date":"2023-05-13T19:27:23","date_gmt":"2023-05-13T23:27:23","guid":{"rendered":"https:\/\/revue.dscarfone.com\/?page_id=173"},"modified":"2023-05-16T11:42:35","modified_gmt":"2023-05-16T15:42:35","slug":"8-le-sexuel-dans-la-cure","status":"publish","type":"page","link":"https:\/\/revue.dscarfone.com\/index.php\/8-le-sexuel-dans-la-cure\/","title":{"rendered":"8- Le sexuel dans la cure"},"content":{"rendered":"\n<p><em><a href=\"http:\/\/revue.dscarfone.com\/wp-content\/uploads\/2023\/05\/8-Argument.pdf\" target=\"_blank\" rel=\"noreferrer noopener\">ARGUMENT<\/a><\/em><\/p>\n\n\n\n<p><a href=\"http:\/\/revue.dscarfone.com\/wp-content\/uploads\/2023\/05\/8-Imbeault.pdf\" target=\"_blank\" rel=\"noreferrer noopener\"><em>IMBEAULT<\/em>,&nbsp;<em>Cahier \u00ab Sexualit\u00e9 \u00bb I- Le bon sexe ;<\/em><\/a><\/p>\n\n\n\n<p><em><a href=\"http:\/\/revue.dscarfone.com\/wp-content\/uploads\/2023\/05\/8-Gauthier.pdf\" target=\"_blank\" rel=\"noreferrer noopener\">GAUTHIER, Le sexuel au hasard d\u2019une s\u00e9duction ;<\/a><\/em><\/p>\n\n\n\n<p><em><a href=\"http:\/\/revue.dscarfone.com\/wp-content\/uploads\/2023\/05\/8-DeMijolla.pdf\" target=\"_blank\" rel=\"noreferrer noopener\">DE&nbsp;MIJOLLA-MELLOR, Les mythes sexuels infantiles ;<\/a><\/em><\/p>\n\n\n\n<p><em><a href=\"http:\/\/revue.dscarfone.com\/wp-content\/uploads\/2023\/05\/8-Levine.pdf\" target=\"_blank\" rel=\"noreferrer noopener\">LEVINE, L\u2019engouement du psychanalyste ;<\/a><\/em><\/p>\n\n\n\n<p><em><a href=\"http:\/\/revue.dscarfone.com\/wp-content\/uploads\/2023\/05\/8-Abensour.pdf\" target=\"_blank\" rel=\"noreferrer noopener\">ABENSOUR, \u00ab Ici, ce n\u2019est pas pour parler de sexualit\u00e9 \u00bb ;<\/a><\/em><\/p>\n\n\n\n<p><em><a href=\"http:\/\/revue.dscarfone.com\/wp-content\/uploads\/2023\/05\/8-Garon.pdf\" target=\"_blank\" rel=\"noreferrer noopener\">GARON, La divine com\u00e9die de Jean-Luc ;<\/a><\/em><\/p>\n\n\n\n<p><em><a href=\"http:\/\/revue.dscarfone.com\/wp-content\/uploads\/2023\/05\/8-Gibeault.pdf\" target=\"_blank\" rel=\"noreferrer noopener\">GIBEAULT, Transfert et sublimation ;<\/a><\/em><\/p>\n\n\n\n<p><em><a href=\"http:\/\/revue.dscarfone.com\/wp-content\/uploads\/2023\/05\/8-Cournut.pdf\" target=\"_blank\" rel=\"noreferrer noopener\">COURNUT, Comme il vous plaira ;<\/a><\/em><\/p>\n\n\n\n<p><em><a href=\"http:\/\/revue.dscarfone.com\/wp-content\/uploads\/2023\/05\/8-Scarfone.pdf\" target=\"_blank\" rel=\"noreferrer noopener\">SCARFONE, La d\u00e9sexualisation ;<\/a><\/em><\/p>\n\n\n\n<p><em><a href=\"http:\/\/revue.dscarfone.com\/wp-content\/uploads\/2023\/05\/8-Giguere.pdf\" target=\"_blank\" rel=\"noreferrer noopener\">GIGU\u00c8RE, La lettre r\u00eav\u00e9e ;<\/a><\/em><\/p>\n\n\n\n<hr class=\"wp-block-separator has-alpha-channel-opacity\"\/>\n\n\n\n<p><strong><em>Libre \u00e0 soi<\/em><\/strong><\/p>\n\n\n\n<p><em><a href=\"http:\/\/revue.dscarfone.com\/wp-content\/uploads\/2023\/05\/8-DesAulniers.pdf\" target=\"_blank\" rel=\"noreferrer noopener\">DES&nbsp;AULNIERS, Chant d\u2019une diff\u00e9renciation tronqu\u00e9e ;<\/a><\/em><\/p>\n\n\n\n<p><em><a href=\"http:\/\/revue.dscarfone.com\/wp-content\/uploads\/2023\/05\/8-Hentsch.pdf\" target=\"_blank\" rel=\"noreferrer noopener\">HENTSCH, Violence identitaire, violence instrumentale.<\/a><\/em><\/p>\n","protected":false},"excerpt":{"rendered":"<p>ARGUMENT IMBEAULT,&nbsp;Cahier \u00ab Sexualit\u00e9 \u00bb I- Le bon sexe ; GAUTHIER, Le sexuel au hasard d\u2019une s\u00e9duction ; DE&nbsp;MIJOLLA-MELLOR, Les mythes sexuels infantiles ; LEVINE, L\u2019engouement du psychanalyste ; ABENSOUR, \u00ab Ici, ce n\u2019est pas pour parler de sexualit\u00e9 \u00bb ; GARON, La divine com\u00e9die de Jean-Luc ; GIBEAULT, Transfert et sublimation ; COURNUT, Comme &hellip; <\/p>\n<p class=\"link-more\"><a href=\"https:\/\/revue.dscarfone.com\/index.php\/8-le-sexuel-dans-la-cure\/\" class=\"more-link\">Continuer la lecture<span class=\"screen-reader-text\"> de &laquo; 8- Le sexuel dans la cure &raquo;<\/span><\/a><\/p>\n","protected":false},"author":1,"featured_media":0,"parent":0,"menu_order":0,"comment_status":"closed","ping_status":"closed","template":"","meta":{"footnotes":""},"class_list":["post-173","page","type-page","status-publish","hentry"],"_links":{"self":[{"href":"https:\/\/revue.dscarfone.com\/index.php\/wp-json\/wp\/v2\/pages\/173","targetHints":{"allow":["GET"]}}],"collection":[{"href":"https:\/\/revue.dscarfone.com\/index.php\/wp-json\/wp\/v2\/pages"}],"about":[{"href":"https:\/\/revue.dscarfone.com\/index.php\/wp-json\/wp\/v2\/types\/page"}],"author":[{"embeddable":true,"href":"https:\/\/revue.dscarfone.com\/index.php\/wp-json\/wp\/v2\/users\/1"}],"replies":[{"embeddable":true,"href":"https:\/\/revue.dscarfone.com\/index.php\/wp-json\/wp\/v2\/comments?post=173"}],"version-history":[{"count":3,"href":"https:\/\/revue.dscarfone.com\/index.php\/wp-json\/wp\/v2\/pages\/173\/revisions"}],"predecessor-version":[{"id":284,"href":"https:\/\/revue.dscarfone.com\/index.php\/wp-json\/wp\/v2\/pages\/173\/revisions\/284"}],"wp:attachment":[{"href":"https:\/\/revue.dscarfone.com\/index.php\/wp-json\/wp\/v2\/media?parent=173"}],"curies":[{"name":"wp","href":"https:\/\/api.w.org\/{rel}","templated":true}]}}