{"id":171,"date":"2023-05-13T19:25:51","date_gmt":"2023-05-13T23:25:51","guid":{"rendered":"https:\/\/revue.dscarfone.com\/?page_id=171"},"modified":"2023-05-14T07:03:33","modified_gmt":"2023-05-14T11:03:33","slug":"7-le-beau","status":"publish","type":"page","link":"https:\/\/revue.dscarfone.com\/index.php\/7-le-beau\/","title":{"rendered":"7- Le beau"},"content":{"rendered":"\n<p><em><a href=\"http:\/\/revue.dscarfone.com\/wp-content\/uploads\/2023\/05\/7-Argument.pdf\" target=\"_blank\" rel=\"noreferrer noopener\">ARGUMENT<\/a><\/em><\/p>\n\n\n\n<p><em><a href=\"http:\/\/revue.dscarfone.com\/wp-content\/uploads\/2023\/05\/7-Belanger.pdf\" target=\"_blank\" rel=\"noreferrer noopener\">LANCT\u00d4T-B\u00c9LANGER, Tombeau ;<\/a><\/em><\/p>\n\n\n\n<p><em><a href=\"http:\/\/revue.dscarfone.com\/wp-content\/uploads\/2023\/05\/7-Corin.pdf\" target=\"_blank\" rel=\"noreferrer noopener\">CORIN, Le beau et ses visages. Les al\u00e9as de la subjectivation ;<\/a><\/em><\/p>\n\n\n\n<p><em><a href=\"http:\/\/revue.dscarfone.com\/wp-content\/uploads\/2023\/05\/7-David.pdf\" target=\"_blank\" rel=\"noreferrer noopener\">DAVID, Le fant\u00f4me de la beaut\u00e9 ;<\/a><\/em><\/p>\n\n\n\n<p><em><a href=\"http:\/\/revue.dscarfone.com\/wp-content\/uploads\/2023\/05\/7-Baudrillard.pdf\" target=\"_blank\" rel=\"noreferrer noopener\">BAUDRILLARD, Illusion\/d\u00e9sillusion esth\u00e9tique ;<\/a><\/em><\/p>\n\n\n\n<p><em><a href=\"http:\/\/revue.dscarfone.com\/wp-content\/uploads\/2023\/05\/7-DesAulniers.pdf\" target=\"_blank\" rel=\"noreferrer noopener\">DES\u00a0AULNIERS, Le double met les voiles ;<\/a><\/em><\/p>\n\n\n\n<p><em><a href=\"http:\/\/revue.dscarfone.com\/wp-content\/uploads\/2023\/05\/7-Bournival.pdf\" target=\"_blank\" rel=\"noreferrer noopener\">BOURNIVAL, D\u2019une exp\u00e9rience subjective du beau ;<\/a><\/em><\/p>\n\n\n\n<p><em><a href=\"http:\/\/revue.dscarfone.com\/wp-content\/uploads\/2023\/05\/7-Leclerc.pdf\" target=\"_blank\" rel=\"noreferrer noopener\">LECLERC, Freud devant l\u2019objet de l\u2019art. Pour une pens\u00e9e de l\u2019atteinte ;<\/a><\/em><\/p>\n\n\n\n<p><em><a href=\"http:\/\/revue.dscarfone.com\/wp-content\/uploads\/2023\/05\/7-Lasvergnas.pdf\" target=\"_blank\" rel=\"noreferrer noopener\">LASVERGNAS, La forme aveugle ;<\/a><\/em><\/p>\n\n\n\n<p><em><a href=\"http:\/\/revue.dscarfone.com\/wp-content\/uploads\/2023\/05\/7-LaChance.pdf\" target=\"_blank\" rel=\"noreferrer noopener\">LA\u00a0CHANCE, La beaut\u00e9 obsc\u00e8ne (Robert Mapplethorpe) ;<\/a><\/em><\/p>\n\n\n\n<hr class=\"wp-block-separator has-alpha-channel-opacity\"\/>\n\n\n\n<p><strong><em>Libre \u00e0 soi<\/em><\/strong><\/p>\n\n\n\n<p><em><a href=\"http:\/\/revue.dscarfone.com\/wp-content\/uploads\/2023\/05\/7-Andre.pdf\" target=\"_blank\" rel=\"noreferrer noopener\">ANDR\u00c9, Moi, autre m\u00eame.<\/a><\/em><\/p>\n","protected":false},"excerpt":{"rendered":"<p>ARGUMENT LANCT\u00d4T-B\u00c9LANGER, Tombeau ; CORIN, Le beau et ses visages. Les al\u00e9as de la subjectivation ; DAVID, Le fant\u00f4me de la beaut\u00e9 ; BAUDRILLARD, Illusion\/d\u00e9sillusion esth\u00e9tique ; DES\u00a0AULNIERS, Le double met les voiles ; BOURNIVAL, D\u2019une exp\u00e9rience subjective du beau ; LECLERC, Freud devant l\u2019objet de l\u2019art. Pour une pens\u00e9e de l\u2019atteinte ; LASVERGNAS, La &hellip; <\/p>\n<p class=\"link-more\"><a href=\"https:\/\/revue.dscarfone.com\/index.php\/7-le-beau\/\" class=\"more-link\">Continuer la lecture<span class=\"screen-reader-text\"> de &laquo; 7- Le beau &raquo;<\/span><\/a><\/p>\n","protected":false},"author":1,"featured_media":0,"parent":0,"menu_order":0,"comment_status":"closed","ping_status":"closed","template":"","meta":{"footnotes":""},"class_list":["post-171","page","type-page","status-publish","hentry"],"_links":{"self":[{"href":"https:\/\/revue.dscarfone.com\/index.php\/wp-json\/wp\/v2\/pages\/171","targetHints":{"allow":["GET"]}}],"collection":[{"href":"https:\/\/revue.dscarfone.com\/index.php\/wp-json\/wp\/v2\/pages"}],"about":[{"href":"https:\/\/revue.dscarfone.com\/index.php\/wp-json\/wp\/v2\/types\/page"}],"author":[{"embeddable":true,"href":"https:\/\/revue.dscarfone.com\/index.php\/wp-json\/wp\/v2\/users\/1"}],"replies":[{"embeddable":true,"href":"https:\/\/revue.dscarfone.com\/index.php\/wp-json\/wp\/v2\/comments?post=171"}],"version-history":[{"count":2,"href":"https:\/\/revue.dscarfone.com\/index.php\/wp-json\/wp\/v2\/pages\/171\/revisions"}],"predecessor-version":[{"id":219,"href":"https:\/\/revue.dscarfone.com\/index.php\/wp-json\/wp\/v2\/pages\/171\/revisions\/219"}],"wp:attachment":[{"href":"https:\/\/revue.dscarfone.com\/index.php\/wp-json\/wp\/v2\/media?parent=171"}],"curies":[{"name":"wp","href":"https:\/\/api.w.org\/{rel}","templated":true}]}}