{"id":163,"date":"2023-05-13T19:18:37","date_gmt":"2023-05-13T23:18:37","guid":{"rendered":"https:\/\/revue.dscarfone.com\/?page_id=163"},"modified":"2023-05-14T06:47:49","modified_gmt":"2023-05-14T10:47:49","slug":"5-fins-danalyse","status":"publish","type":"page","link":"https:\/\/revue.dscarfone.com\/index.php\/5-fins-danalyse\/","title":{"rendered":"5- Fins d&rsquo;analyse"},"content":{"rendered":"\n<p><em><a href=\"http:\/\/revue.dscarfone.com\/wp-content\/uploads\/2023\/05\/5-Argument.pdf\" target=\"_blank\" rel=\"noreferrer noopener\">ARGUMENT<\/a><\/em><\/p>\n\n\n\n<p><a href=\"http:\/\/revue.dscarfone.com\/wp-content\/uploads\/2023\/05\/5-Scarfone.pdf\" target=\"_blank\" rel=\"noreferrer noopener\">SCARFONE,\u00a0<em>Fin d\u2019analyse, fin du conflit ? ;<\/em><\/a><\/p>\n\n\n\n<p><a href=\"http:\/\/revue.dscarfone.com\/wp-content\/uploads\/2023\/05\/5-Apfelbaum.pdf\" target=\"_blank\" rel=\"noreferrer noopener\">APFELBAUM&nbsp;IGOIN,&nbsp;<em>Fin d\u2019analyse. Visages de la r\u00e9p\u00e9tition ;<\/em><\/a><\/p>\n\n\n\n<p><em><a href=\"http:\/\/revue.dscarfone.com\/wp-content\/uploads\/2023\/05\/5-Sirois.pdf\" target=\"_blank\" rel=\"noreferrer noopener\">SIROIS, Le court-circuit ;<\/a><\/em><\/p>\n\n\n\n<p><em><a href=\"http:\/\/revue.dscarfone.com\/wp-content\/uploads\/2023\/05\/5-Hassoun.pdf\" target=\"_blank\" rel=\"noreferrer noopener\">HASSOUN, J\u2019ou\u00efs ! ;<\/a><\/em><\/p>\n\n\n\n<p><em><a href=\"http:\/\/revue.dscarfone.com\/wp-content\/uploads\/2023\/05\/5-Bosse.pdf\" target=\"_blank\" rel=\"noreferrer noopener\">BOSS\u00c9, La supervision dans le devenir analyste ;<\/a><\/em><\/p>\n\n\n\n<p><em><a href=\"http:\/\/revue.dscarfone.com\/wp-content\/uploads\/2023\/05\/5-Robin.pdf\" target=\"_blank\" rel=\"noreferrer noopener\">ROBIN, Le sujet de l\u2019\u00e9criture ;<\/a><\/em><\/p>\n\n\n\n<p><em><a href=\"http:\/\/revue.dscarfone.com\/wp-content\/uploads\/2023\/05\/5-Routier.pdf\" target=\"_blank\" rel=\"noreferrer noopener\">ROUTIER, Si vous allez \u00e0 Orvieto ;<\/a><\/em><\/p>\n\n\n\n<p><em><a href=\"http:\/\/revue.dscarfone.com\/wp-content\/uploads\/2023\/05\/5-Lasvergnas.pdf\">LASVERGNAS, La passion des p\u00e8res et l\u2019ordre de la filiation ;<\/a><\/em><\/p>\n\n\n\n<hr class=\"wp-block-separator has-alpha-channel-opacity\"\/>\n\n\n\n<p><em><strong>Libre \u00e0 soi<\/strong><\/em><\/p>\n\n\n\n<p><em><a href=\"http:\/\/revue.dscarfone.com\/wp-content\/uploads\/2023\/05\/5-Roussillon.pdf\" target=\"_blank\" rel=\"noreferrer noopener\">ROUSSILLON, La mat\u00e9rialit\u00e9 du mot ;<\/a><\/em><\/p>\n\n\n\n<p><a href=\"http:\/\/revue.dscarfone.com\/wp-content\/uploads\/2023\/05\/5-Imbeault.pdf\" target=\"_blank\" rel=\"noreferrer noopener\"><em>IMBEAULT<\/em>,&nbsp;<em>Le mouvement psychanalytique V.<\/em><\/a><\/p>\n","protected":false},"excerpt":{"rendered":"<p>ARGUMENT SCARFONE,\u00a0Fin d\u2019analyse, fin du conflit ? ; APFELBAUM&nbsp;IGOIN,&nbsp;Fin d\u2019analyse. Visages de la r\u00e9p\u00e9tition ; SIROIS, Le court-circuit ; HASSOUN, J\u2019ou\u00efs ! ; BOSS\u00c9, La supervision dans le devenir analyste ; ROBIN, Le sujet de l\u2019\u00e9criture ; ROUTIER, Si vous allez \u00e0 Orvieto ; LASVERGNAS, La passion des p\u00e8res et l\u2019ordre de la filiation ; &hellip; <\/p>\n<p class=\"link-more\"><a href=\"https:\/\/revue.dscarfone.com\/index.php\/5-fins-danalyse\/\" class=\"more-link\">Continuer la lecture<span class=\"screen-reader-text\"> de &laquo; 5- Fins d&rsquo;analyse &raquo;<\/span><\/a><\/p>\n","protected":false},"author":1,"featured_media":0,"parent":0,"menu_order":0,"comment_status":"closed","ping_status":"closed","template":"","meta":{"footnotes":""},"class_list":["post-163","page","type-page","status-publish","hentry"],"_links":{"self":[{"href":"https:\/\/revue.dscarfone.com\/index.php\/wp-json\/wp\/v2\/pages\/163","targetHints":{"allow":["GET"]}}],"collection":[{"href":"https:\/\/revue.dscarfone.com\/index.php\/wp-json\/wp\/v2\/pages"}],"about":[{"href":"https:\/\/revue.dscarfone.com\/index.php\/wp-json\/wp\/v2\/types\/page"}],"author":[{"embeddable":true,"href":"https:\/\/revue.dscarfone.com\/index.php\/wp-json\/wp\/v2\/users\/1"}],"replies":[{"embeddable":true,"href":"https:\/\/revue.dscarfone.com\/index.php\/wp-json\/wp\/v2\/comments?post=163"}],"version-history":[{"count":3,"href":"https:\/\/revue.dscarfone.com\/index.php\/wp-json\/wp\/v2\/pages\/163\/revisions"}],"predecessor-version":[{"id":215,"href":"https:\/\/revue.dscarfone.com\/index.php\/wp-json\/wp\/v2\/pages\/163\/revisions\/215"}],"wp:attachment":[{"href":"https:\/\/revue.dscarfone.com\/index.php\/wp-json\/wp\/v2\/media?parent=163"}],"curies":[{"name":"wp","href":"https:\/\/api.w.org\/{rel}","templated":true}]}}