{"id":161,"date":"2023-05-13T19:16:10","date_gmt":"2023-05-13T23:16:10","guid":{"rendered":"https:\/\/revue.dscarfone.com\/?page_id=161"},"modified":"2023-05-14T09:27:12","modified_gmt":"2023-05-14T13:27:12","slug":"161-2","status":"publish","type":"page","link":"https:\/\/revue.dscarfone.com\/index.php\/161-2\/","title":{"rendered":"4- Suivre"},"content":{"rendered":"\n<p><em><a href=\"http:\/\/revue.dscarfone.com\/wp-content\/uploads\/2023\/05\/4-Argument.pdf\" target=\"_blank\" rel=\"noreferrer noopener\">ARGUMENT<\/a><\/em><\/p>\n\n\n\n<p><em><a href=\"http:\/\/revue.dscarfone.com\/wp-content\/uploads\/2023\/05\/4-Pontalis.pdf\" target=\"_blank\" rel=\"noreferrer noopener\">PONTALIS, La saison de la psychanalyse ;<\/a><\/em><\/p>\n\n\n\n<p><em><a href=\"http:\/\/revue.dscarfone.com\/wp-content\/uploads\/2023\/05\/4-Gauthier.pdf\" target=\"_blank\" rel=\"noreferrer noopener\">GAUTHIER, L\u2019immobilit\u00e9 ;<\/a><\/em><\/p>\n\n\n\n<p><em><a href=\"http:\/\/revue.dscarfone.com\/wp-content\/uploads\/2023\/05\/4-Lallo.pdf\" target=\"_blank\" rel=\"noreferrer noopener\">LALLO, Quand l\u2019analyse se bute \u00e0 un Rien, ou : La non-histoire d\u2019Il ;<\/a><\/em><\/p>\n\n\n\n<p><em><a href=\"http:\/\/revue.dscarfone.com\/wp-content\/uploads\/2023\/05\/4-Furlong.pdf\" target=\"_blank\" rel=\"noreferrer noopener\">FURLONG, \u00c0 propos des s\u00e9ances manqu\u00e9es ;<\/a><\/em><\/p>\n\n\n\n<p><em><a href=\"http:\/\/revue.dscarfone.com\/wp-content\/uploads\/2023\/05\/4-Desaulniers.pdf\" target=\"_blank\" rel=\"noreferrer noopener\">DES&nbsp;AULNIERS, Notes pour un accompagnement d\u00e9senchanteur ;<\/a><\/em><\/p>\n\n\n\n<p><em><a href=\"http:\/\/revue.dscarfone.com\/wp-content\/uploads\/2023\/05\/4-Sirois.pdf\" target=\"_blank\" rel=\"noreferrer noopener\">SIROIS, Transfert \u00e0 deux voix ;<\/a><\/em><\/p>\n\n\n\n<p><em><a rel=\"noreferrer noopener\" href=\"http:\/\/revue.dscarfone.com\/wp-content\/uploads\/2023\/05\/4-Frote.pdf\" target=\"_blank\">FROT\u00c9,\u00a0BOUCHARD, Le vase bris\u00e9 ;<\/a><\/em><\/p>\n\n\n\n<hr class=\"wp-block-separator has-alpha-channel-opacity\"\/>\n\n\n\n<p><em><strong>Libre \u00e0 soi<\/strong><\/em><\/p>\n\n\n\n<p><a href=\"http:\/\/revue.dscarfone.com\/wp-content\/uploads\/2023\/05\/4-Imbeault.pdf\" target=\"_blank\" rel=\"noreferrer noopener\"><em>IMBEAULT<\/em>,&nbsp;<em>Le mouvement psychanalytique IV ;<\/em><\/a><\/p>\n\n\n\n<p><em><a href=\"http:\/\/revue.dscarfone.com\/wp-content\/uploads\/2023\/05\/4-Roussillon.pdf\" target=\"_blank\" rel=\"noreferrer noopener\">ROUSSILLON, H\u00e9ro\u00efsme, masochismes, r\u00e9action th\u00e9rapeutique n\u00e9gative ;<\/a><\/em><\/p>\n\n\n\n<p><em><a href=\"http:\/\/revue.dscarfone.com\/wp-content\/uploads\/2023\/05\/4-Barriault.pdf\" target=\"_blank\" rel=\"noreferrer noopener\">BARRIAULT, Aux sources de l\u2019identitaire : la jud\u00e9it\u00e9.<\/a><\/em><\/p>\n","protected":false},"excerpt":{"rendered":"<p>ARGUMENT PONTALIS, La saison de la psychanalyse ; GAUTHIER, L\u2019immobilit\u00e9 ; LALLO, Quand l\u2019analyse se bute \u00e0 un Rien, ou : La non-histoire d\u2019Il ; FURLONG, \u00c0 propos des s\u00e9ances manqu\u00e9es ; DES&nbsp;AULNIERS, Notes pour un accompagnement d\u00e9senchanteur ; SIROIS, Transfert \u00e0 deux voix ; FROT\u00c9,\u00a0BOUCHARD, Le vase bris\u00e9 ; Libre \u00e0 soi IMBEAULT,&nbsp;Le mouvement &hellip; <\/p>\n<p class=\"link-more\"><a href=\"https:\/\/revue.dscarfone.com\/index.php\/161-2\/\" class=\"more-link\">Continuer la lecture<span class=\"screen-reader-text\"> de &laquo; 4- Suivre &raquo;<\/span><\/a><\/p>\n","protected":false},"author":1,"featured_media":0,"parent":0,"menu_order":0,"comment_status":"closed","ping_status":"closed","template":"","meta":{"footnotes":""},"class_list":["post-161","page","type-page","status-publish","hentry"],"_links":{"self":[{"href":"https:\/\/revue.dscarfone.com\/index.php\/wp-json\/wp\/v2\/pages\/161","targetHints":{"allow":["GET"]}}],"collection":[{"href":"https:\/\/revue.dscarfone.com\/index.php\/wp-json\/wp\/v2\/pages"}],"about":[{"href":"https:\/\/revue.dscarfone.com\/index.php\/wp-json\/wp\/v2\/types\/page"}],"author":[{"embeddable":true,"href":"https:\/\/revue.dscarfone.com\/index.php\/wp-json\/wp\/v2\/users\/1"}],"replies":[{"embeddable":true,"href":"https:\/\/revue.dscarfone.com\/index.php\/wp-json\/wp\/v2\/comments?post=161"}],"version-history":[{"count":4,"href":"https:\/\/revue.dscarfone.com\/index.php\/wp-json\/wp\/v2\/pages\/161\/revisions"}],"predecessor-version":[{"id":262,"href":"https:\/\/revue.dscarfone.com\/index.php\/wp-json\/wp\/v2\/pages\/161\/revisions\/262"}],"wp:attachment":[{"href":"https:\/\/revue.dscarfone.com\/index.php\/wp-json\/wp\/v2\/media?parent=161"}],"curies":[{"name":"wp","href":"https:\/\/api.w.org\/{rel}","templated":true}]}}