{"id":155,"date":"2023-05-13T19:11:18","date_gmt":"2023-05-13T23:11:18","guid":{"rendered":"https:\/\/revue.dscarfone.com\/?page_id=155"},"modified":"2023-05-15T09:07:43","modified_gmt":"2023-05-15T13:07:43","slug":"1-le-divan","status":"publish","type":"page","link":"https:\/\/revue.dscarfone.com\/index.php\/1-le-divan\/","title":{"rendered":"1- Le divan"},"content":{"rendered":"\n<p><a rel=\"noreferrer noopener\" href=\"http:\/\/revue.dscarfone.com\/wp-content\/uploads\/2023\/05\/1-Argument.pdf\" target=\"_blank\">ARGUMENT<\/a><\/p>\n\n\n\n<p><em><a href=\"http:\/\/revue.dscarfone.com\/wp-content\/uploads\/2023\/05\/1-Scarfone.pdf\" target=\"_blank\" rel=\"noreferrer noopener\">SCARFONE, Psych\u00e9 \u00e9tendue ; <\/a><\/em><\/p>\n\n\n\n<p><em><a href=\"http:\/\/revue.dscarfone.com\/wp-content\/uploads\/2023\/05\/1-Lasvergnas.pdf\" target=\"_blank\" rel=\"noreferrer noopener\">LASVERGNAS, La couche analogique; <\/a><\/em><\/p>\n\n\n\n<p><em><a href=\"http:\/\/revue.dscarfone.com\/wp-content\/uploads\/2023\/05\/1-Monette.pdf\" target=\"_blank\" rel=\"noreferrer noopener\">MONETTE, \u00c0 perte de vue ; <\/a><\/em><\/p>\n\n\n\n<p><em><a href=\"http:\/\/revue.dscarfone.com\/wp-content\/uploads\/2023\/05\/1-Lallo.pdf\" target=\"_blank\" rel=\"noreferrer noopener\">LALLO, \u00c0 la recherche de l\u2019enfant perdu ; <\/a><\/em><\/p>\n\n\n\n<p><em><a href=\"http:\/\/revue.dscarfone.com\/wp-content\/uploads\/2023\/05\/1-Michon.pdf\" target=\"_blank\" rel=\"noreferrer noopener\">MICHON, Dispar\u00eatre ;<\/a><\/em><\/p>\n\n\n\n<p><em><a href=\"http:\/\/revue.dscarfone.com\/wp-content\/uploads\/2023\/05\/1-Leduc.pdf\" target=\"_blank\" rel=\"noreferrer noopener\">LEDUC, Les fakirs du divan ;<\/a><\/em><\/p>\n\n\n\n<p><em><a href=\"http:\/\/revue.dscarfone.com\/wp-content\/uploads\/2023\/05\/1-Anzieu.pdf\" target=\"_blank\" rel=\"noreferrer noopener\">ANZIEU, Divan le terrible ;<\/a><\/em><\/p>\n\n\n\n<p><em><a href=\"http:\/\/revue.dscarfone.com\/wp-content\/uploads\/2023\/05\/1-Gantheret.pdf\" target=\"_blank\" rel=\"noreferrer noopener\">GANTHERET, Interpr\u00e9ter ? ;<\/a><\/em><\/p>\n\n\n\n<p><em><a href=\"http:\/\/revue.dscarfone.com\/wp-content\/uploads\/2023\/05\/1-Mauger.pdf\" target=\"_blank\" rel=\"noreferrer noopener\">MAUGER, Coucher pour soigner. La condition de ma sollicitude ;<\/a><\/em><\/p>\n\n\n\n<p><em><a href=\"http:\/\/revue.dscarfone.com\/wp-content\/uploads\/2023\/05\/1-Routier.pdf\" target=\"_blank\" rel=\"noreferrer noopener\">ROUTIER, L\u2019envie du divan ; <\/a><\/em><\/p>\n\n\n\n<hr class=\"wp-block-separator has-alpha-channel-opacity\"\/>\n\n\n\n<p><em><strong>Libre \u00e0 soi<\/strong><\/em><\/p>\n\n\n\n<p><a rel=\"noreferrer noopener\" href=\"http:\/\/revue.dscarfone.com\/wp-content\/uploads\/2023\/05\/1-Imbeault.pdf\" target=\"_blank\"><em>IMBEAULT, Le mouvement psychanalytique I ;<\/em><\/a><\/p>\n\n\n\n<p><em><a href=\"http:\/\/revue.dscarfone.com\/wp-content\/uploads\/2023\/05\/1-Jbeili.pdf\" target=\"_blank\" rel=\"noreferrer noopener\">JBEILI, Le mouvement vers l\u2019autre ou le cheminement de l\u2019incertitude.<\/a><\/em><\/p>\n\n\n","protected":false},"excerpt":{"rendered":"<p>ARGUMENT SCARFONE, Psych\u00e9 \u00e9tendue ; LASVERGNAS, La couche analogique; MONETTE, \u00c0 perte de vue ; LALLO, \u00c0 la recherche de l\u2019enfant perdu ; MICHON, Dispar\u00eatre ; LEDUC, Les fakirs du divan ; ANZIEU, Divan le terrible ; GANTHERET, Interpr\u00e9ter ? ; MAUGER, Coucher pour soigner. La condition de ma sollicitude ; ROUTIER, L\u2019envie du divan &hellip; <\/p>\n<p class=\"link-more\"><a href=\"https:\/\/revue.dscarfone.com\/index.php\/1-le-divan\/\" class=\"more-link\">Continuer la lecture<span class=\"screen-reader-text\"> de &laquo; 1- Le divan &raquo;<\/span><\/a><\/p>\n","protected":false},"author":1,"featured_media":0,"parent":0,"menu_order":0,"comment_status":"closed","ping_status":"closed","template":"","meta":{"footnotes":""},"class_list":["post-155","page","type-page","status-publish","hentry"],"_links":{"self":[{"href":"https:\/\/revue.dscarfone.com\/index.php\/wp-json\/wp\/v2\/pages\/155","targetHints":{"allow":["GET"]}}],"collection":[{"href":"https:\/\/revue.dscarfone.com\/index.php\/wp-json\/wp\/v2\/pages"}],"about":[{"href":"https:\/\/revue.dscarfone.com\/index.php\/wp-json\/wp\/v2\/types\/page"}],"author":[{"embeddable":true,"href":"https:\/\/revue.dscarfone.com\/index.php\/wp-json\/wp\/v2\/users\/1"}],"replies":[{"embeddable":true,"href":"https:\/\/revue.dscarfone.com\/index.php\/wp-json\/wp\/v2\/comments?post=155"}],"version-history":[{"count":9,"href":"https:\/\/revue.dscarfone.com\/index.php\/wp-json\/wp\/v2\/pages\/155\/revisions"}],"predecessor-version":[{"id":296,"href":"https:\/\/revue.dscarfone.com\/index.php\/wp-json\/wp\/v2\/pages\/155\/revisions\/296"}],"wp:attachment":[{"href":"https:\/\/revue.dscarfone.com\/index.php\/wp-json\/wp\/v2\/media?parent=155"}],"curies":[{"name":"wp","href":"https:\/\/api.w.org\/{rel}","templated":true}]}}