{"id":153,"date":"2023-05-13T19:07:41","date_gmt":"2023-05-13T23:07:41","guid":{"rendered":"https:\/\/revue.dscarfone.com\/?page_id=153"},"modified":"2023-10-13T08:43:21","modified_gmt":"2023-10-13T12:43:21","slug":"presentation","status":"publish","type":"page","link":"https:\/\/revue.dscarfone.com\/","title":{"rendered":"Pr\u00e9sentation"},"content":{"rendered":"\n<p>Le projet de revue TRANS \u00e9t\u00e9 \u00e9labor\u00e9 \u00e0 partir de 1991. La revue est parue de 1992 \u00e0 1999. Anim\u00e9e par un groupe de psychanalystes de la Soci\u00e9t\u00e9 psychanalytique de Montr\u00e9al, elle \u00e9tait n\u00e9anmoins ind\u00e9pendante de toute soci\u00e9t\u00e9 ou institution. Un fonds de d\u00e9marrage lui avait \u00e9t\u00e9 attribu\u00e9 par l&rsquo;Universit\u00e9 McGill, par l&rsquo;entremise du professeur Marike Finlay De Monchy. \u00c0 partir de 1996, la revue a aussi re\u00e7u une subvention triennale du Conseil de la recherche en sciences humaines du Canada (CRSH). Les abonnements et la tenue d&rsquo;un colloque annuel ont assur\u00e9 la plus grande part du financement.<\/p>\n\n\n\n<p>Le comit\u00e9 de r\u00e9daction \u00e9laborait collectivement les th\u00e8mes puis confiait \u00e0 un de ses membres la t\u00e2che de r\u00e9diger l&rsquo;argument, appel\u00e9 \u00ab\u00a0Pr\u00e9texte\u00a0\u00bb, devant offrir aux auteurs une orientation g\u00e9n\u00e9rale non contraignante. Les textes re\u00e7us \u00e9taient soumis \u00e0 une lecture exigeante, tant du point de vue du contenu que de la forme. Des lecteurs externes \u00e0 la r\u00e9daction \u00e9taient invit\u00e9s \u00e0 donner leur avis, \u00e0 l&rsquo;aveugle et anonymement. Le Comit\u00e9 de r\u00e9daction \u00e9tait le seul \u00e0 d\u00e9cider, \u00e0 la majorit\u00e9 des voix, de la publication d&rsquo;un texte.<\/p>\n\n\n\n<p>La r\u00e9daction : <\/p>\n\n\n\n<p>1991-1992 &#8211; <em>Directeur<\/em>: Dominique Scarfone. <em>R\u00e9dacteurs<\/em>: Marie Claire Lanct\u00f4t B\u00e9langer, Isabelle Lasvergnas, Jacques Mauger, Lise Monette.<br>1993-1999 &#8211; <em>Directeur<\/em>: Dominique Scarfone. <em>R\u00e9dacteurs<\/em>: Allannah Furlong, Martin Gauthier, Isabelle Lasvergnas, Jacques Mauger, Lise Monette.<\/p>\n\n\n\n<p>La maquette de la couverture (qui a obtenu le prix de design <em>Pixel d&rsquo;argent<\/em>) et le style de la mise en page ont \u00e9t\u00e9 l&rsquo;\u0153uvre de la maison Protocole Visuel. Madame Ghislaine Pesant a assur\u00e9 la rigoureuse r\u00e9vision linguistique et la correction d&rsquo;\u00e9preuves.<\/p>\n\n\n\n<p>En 1999, la R\u00e9daction d\u00e9cidait de mettre fin \u00e0 la publication. En tout dix num\u00e9ros furent publi\u00e9s dont on trouvera ici l&rsquo;int\u00e9gralit\u00e9 des textes.<\/p>\n\n\n<form role=\"search\" method=\"get\" action=\"https:\/\/revue.dscarfone.com\/\" class=\"wp-block-search__button-outside wp-block-search__text-button wp-block-search\"    ><label class=\"wp-block-search__label\" for=\"wp-block-search__input-1\" >Recherche<\/label><div class=\"wp-block-search__inside-wrapper \" ><input class=\"wp-block-search__input\" id=\"wp-block-search__input-1\" placeholder=\"\" value=\"\" type=\"search\" name=\"s\" required \/><button aria-label=\"Recherche\" class=\"wp-block-search__button wp-element-button\" type=\"submit\" >Recherche<\/button><\/div><\/form>","protected":false},"excerpt":{"rendered":"<p>Le projet de revue TRANS \u00e9t\u00e9 \u00e9labor\u00e9 \u00e0 partir de 1991. La revue est parue de 1992 \u00e0 1999. Anim\u00e9e par un groupe de psychanalystes de la Soci\u00e9t\u00e9 psychanalytique de Montr\u00e9al, elle \u00e9tait n\u00e9anmoins ind\u00e9pendante de toute soci\u00e9t\u00e9 ou institution. Un fonds de d\u00e9marrage lui avait \u00e9t\u00e9 attribu\u00e9 par l&rsquo;Universit\u00e9 McGill, par l&rsquo;entremise du professeur &hellip; <\/p>\n<p class=\"link-more\"><a href=\"https:\/\/revue.dscarfone.com\/\" class=\"more-link\">Continuer la lecture<span class=\"screen-reader-text\"> de &laquo; Pr\u00e9sentation &raquo;<\/span><\/a><\/p>\n","protected":false},"author":1,"featured_media":238,"parent":0,"menu_order":0,"comment_status":"closed","ping_status":"closed","template":"","meta":{"footnotes":""},"class_list":["post-153","page","type-page","status-publish","has-post-thumbnail","hentry"],"_links":{"self":[{"href":"https:\/\/revue.dscarfone.com\/index.php\/wp-json\/wp\/v2\/pages\/153","targetHints":{"allow":["GET"]}}],"collection":[{"href":"https:\/\/revue.dscarfone.com\/index.php\/wp-json\/wp\/v2\/pages"}],"about":[{"href":"https:\/\/revue.dscarfone.com\/index.php\/wp-json\/wp\/v2\/types\/page"}],"author":[{"embeddable":true,"href":"https:\/\/revue.dscarfone.com\/index.php\/wp-json\/wp\/v2\/users\/1"}],"replies":[{"embeddable":true,"href":"https:\/\/revue.dscarfone.com\/index.php\/wp-json\/wp\/v2\/comments?post=153"}],"version-history":[{"count":8,"href":"https:\/\/revue.dscarfone.com\/index.php\/wp-json\/wp\/v2\/pages\/153\/revisions"}],"predecessor-version":[{"id":288,"href":"https:\/\/revue.dscarfone.com\/index.php\/wp-json\/wp\/v2\/pages\/153\/revisions\/288"}],"wp:featuredmedia":[{"embeddable":true,"href":"https:\/\/revue.dscarfone.com\/index.php\/wp-json\/wp\/v2\/media\/238"}],"wp:attachment":[{"href":"https:\/\/revue.dscarfone.com\/index.php\/wp-json\/wp\/v2\/media?parent=153"}],"curies":[{"name":"wp","href":"https:\/\/api.w.org\/{rel}","templated":true}]}}